{"id":327,"date":"2023-03-28T11:42:17","date_gmt":"2023-03-28T09:42:17","guid":{"rendered":"https:\/\/www.golf-planet.es\/accesibilidad-2\/"},"modified":"2023-11-29T17:08:07","modified_gmt":"2023-11-29T16:08:07","slug":"accesibilidad","status":"publish","type":"page","link":"https:\/\/www.golf-planet.es\/de\/barrierefreiheit\/","title":{"rendered":"Barrierefreiheit"},"content":{"rendered":"<div data-elementor-type=\"wp-page\" data-elementor-id=\"327\" class=\"elementor elementor-327\" data-elementor-post-type=\"page\">\n\t\t\t\t\t\t<section class=\"elementor-section elementor-top-section elementor-element elementor-element-6ed19c73 elementor-section-full_width elementor-section-height-default elementor-section-height-default\" data-id=\"6ed19c73\" data-element_type=\"section\" data-settings=\"{&quot;background_background&quot;:&quot;classic&quot;,&quot;background_motion_fx_motion_fx_scrolling&quot;:&quot;yes&quot;,&quot;background_motion_fx_devices&quot;:[&quot;desktop&quot;,&quot;tablet&quot;,&quot;mobile&quot;]}\">\n\t\t\t\t\t\t\t<div class=\"elementor-background-overlay\"><\/div>\n\t\t\t\t\t\t\t<div class=\"elementor-container elementor-column-gap-no\">\n\t\t\t\t\t<div class=\"elementor-column elementor-col-100 elementor-top-column elementor-element elementor-element-66f841c7\" data-id=\"66f841c7\" data-element_type=\"column\" data-settings=\"{&quot;background_background&quot;:&quot;classic&quot;}\">\n\t\t\t<div class=\"elementor-widget-wrap elementor-element-populated\">\n\t\t\t\t\t\t<div class=\"elementor-element elementor-element-3a8ee56 elementor-widget__width-auto elementor-mobile-align-center elementor-widget-mobile__width-auto elementor-widget elementor-widget-breadcrumbs\" data-id=\"3a8ee56\" data-element_type=\"widget\" data-widget_type=\"breadcrumbs.default\">\n\t\t\t\t<div class=\"elementor-widget-container\">\n\t\t\t\t\t<p id=\"breadcrumbs\"><span><span><a href=\"https:\/\/www.golf-planet.es\/de\">Start<\/a><\/span><\/span><\/p>\t\t\t\t<\/div>\n\t\t\t\t<\/div>\n\t\t\t\t<div class=\"elementor-element elementor-element-182ddd14 elementor-invisible elementor-widget elementor-widget-heading\" data-id=\"182ddd14\" data-element_type=\"widget\" data-settings=\"{&quot;_animation&quot;:&quot;fadeInLeft&quot;}\" data-widget_type=\"heading.default\">\n\t\t\t\t<div class=\"elementor-widget-container\">\n\t\t\t\t\t<h1 class=\"elementor-heading-title elementor-size-default\">BARRIEREFREIHEIT<\/h1>\t\t\t\t<\/div>\n\t\t\t\t<\/div>\n\t\t\t\t<div class=\"elementor-element elementor-element-ecf3d88 elementor-widget elementor-widget-text-editor\" data-id=\"ecf3d88\" data-element_type=\"widget\" data-widget_type=\"text-editor.default\">\n\t\t\t\t<div class=\"elementor-widget-container\">\n\t\t\t\t\t\t\t\t\t<p style=\"text-align: center;\">Verantwortliche Erkl\u00e4rung zur Barrierefreiheit dieser Website gem\u00e4\u00df den geltenden Vorschriften<\/p>\t\t\t\t\t\t\t\t<\/div>\n\t\t\t\t<\/div>\n\t\t\t\t\t<\/div>\n\t\t<\/div>\n\t\t\t\t\t<\/div>\n\t\t<\/section>\n\t\t\t\t<section class=\"elementor-section elementor-top-section elementor-element elementor-element-abec499 elementor-section-boxed elementor-section-height-default elementor-section-height-default\" data-id=\"abec499\" data-element_type=\"section\">\n\t\t\t\t\t\t<div class=\"elementor-container elementor-column-gap-default\">\n\t\t\t\t\t<div class=\"elementor-column elementor-col-100 elementor-top-column elementor-element elementor-element-e256f19\" data-id=\"e256f19\" data-element_type=\"column\">\n\t\t\t<div class=\"elementor-widget-wrap elementor-element-populated\">\n\t\t\t\t\t\t<div class=\"elementor-element elementor-element-edff494 elementor-widget elementor-widget-text-editor\" data-id=\"edff494\" data-element_type=\"widget\" data-widget_type=\"text-editor.default\">\n\t\t\t\t<div class=\"elementor-widget-container\">\n\t\t\t\t\t\t\t\t\t<p><strong>GOLFPLANET<\/strong> ist bestrebt, allen Benutzern ein vollst\u00e4ndig barrierefreies Website-Erlebnis zu bieten, einschlie\u00dflich derjenigen, die beim Navigieren im Internet auf unterst\u00fctzende Technologien wie Bildschirmleseprogramme, Bildschirmvergr\u00f6\u00dferungssoftware und alternative Tastatureingabeger\u00e4te angewiesen sind <a class=\"ext\" href=\"https:\/\/www.boe.es\/diario_boe\/txt.php?id=BOE-A-2018-12699\" target=\"_blank\" rel=\"noopener noreferrer\" data-extlink=\"\">K\u00f6niglicher Erlass 1112\/2018 vom 7. September \u00fcber die Zug\u00e4nglichkeit von Websites und Anwendungen f\u00fcr mobile Ger\u00e4te im \u00f6ffentlichen Sektor.<\/a><\/p><p>Diese Erkl\u00e4rung zur Barrierefreiheit gilt f\u00fcr die Website: www.golf-planet.es<\/p>\t\t\t\t\t\t\t\t<\/div>\n\t\t\t\t<\/div>\n\t\t\t\t<div class=\"elementor-element elementor-element-f21067f elementor-invisible elementor-widget elementor-widget-heading\" data-id=\"f21067f\" data-element_type=\"widget\" data-settings=\"{&quot;_animation&quot;:&quot;fadeIn&quot;}\" data-widget_type=\"heading.default\">\n\t\t\t\t<div class=\"elementor-widget-container\">\n\t\t\t\t\t<h2 class=\"elementor-heading-title elementor-size-default\">COMPLIANCE-SITUATION<\/h2>\t\t\t\t<\/div>\n\t\t\t\t<\/div>\n\t\t\t\t<div class=\"elementor-element elementor-element-752f7ed elementor-widget elementor-widget-text-editor\" data-id=\"752f7ed\" data-element_type=\"widget\" data-widget_type=\"text-editor.default\">\n\t\t\t\t<div class=\"elementor-widget-container\">\n\t\t\t\t\t\t\t\t\t<p>Aufgrund der Ausnahmen und mangelnder Konformit\u00e4t der im folgenden Punkt genannten Aspekte entspricht diese Website teilweise der Verordnung RD 1112\/2018.<\/p>\t\t\t\t\t\t\t\t<\/div>\n\t\t\t\t<\/div>\n\t\t\t\t<div class=\"elementor-element elementor-element-0ad2d91 elementor-invisible elementor-widget elementor-widget-heading\" data-id=\"0ad2d91\" data-element_type=\"widget\" data-settings=\"{&quot;_animation&quot;:&quot;fadeIn&quot;}\" data-widget_type=\"heading.default\">\n\t\t\t\t<div class=\"elementor-widget-container\">\n\t\t\t\t\t<h2 class=\"elementor-heading-title elementor-size-default\">INHALT NICHT ZUG\u00c4NGLICH<\/h2>\t\t\t\t<\/div>\n\t\t\t\t<\/div>\n\t\t\t\t<div class=\"elementor-element elementor-element-be62138 elementor-widget elementor-widget-text-editor\" data-id=\"be62138\" data-element_type=\"widget\" data-widget_type=\"text-editor.default\">\n\t\t\t\t<div class=\"elementor-widget-container\">\n\t\t\t\t\t\t\t\t\t<p><span style=\"color: var( --e-global-color-text ); font-family: var( --e-global-typography-text-font-family ), Sans-serif; font-size: var( --e-global-typography-text-font-size ); font-weight: var( --e-global-typography-text-font-weight );\">Der unten gesammelte Inhalt ist aus folgenden Gr\u00fcnden nicht zug\u00e4nglich:<\/span><\/p><h3 style=\"padding-left: 40px;\">Mangelhafte Einhaltung der RD 1112\/2018<\/h3><p style=\"padding-left: 40px;\">M\u00f6glicherweise werden nach dem 20. September 2018 Office-Dokumente im PDF-Format und in anderen Formaten ver\u00f6ffentlicht, die den Barrierefreiheitsanforderungen nicht vollst\u00e4ndig entsprechen. Zur Formalisierung von Beschwerden und R\u00fcckfragen k\u00f6nnen \u00fcber das Kontaktformular vollst\u00e4ndig zug\u00e4ngliche Dokumente angefordert werden.<\/p><p style=\"padding-left: 40px;\">Auf einigen Webseiten k\u00f6nnen bestimmte Bearbeitungscodefehler auftreten. [4.1.1 Verarbeitung]<\/p><h3 style=\"padding-left: 40px;\">Der Inhalt f\u00e4llt nicht in den Geltungsbereich der geltenden Gesetzgebung<\/h3><p style=\"padding-left: 40px;\">M\u00f6glicherweise wurden vor dem 20. September 2018 Office-Dateien im PDF-Format oder in anderen Formaten ver\u00f6ffentlicht, die nicht alle Barrierefreiheitsanforderungen vollst\u00e4ndig erf\u00fcllen. Allerdings wurden Anstrengungen unternommen, um sicherzustellen, dass die meisten von ihnen die Vorschriften einhalten.<\/p>\t\t\t\t\t\t\t\t<\/div>\n\t\t\t\t<\/div>\n\t\t\t\t<div class=\"elementor-element elementor-element-1eec215 elementor-invisible elementor-widget elementor-widget-heading\" data-id=\"1eec215\" data-element_type=\"widget\" data-settings=\"{&quot;_animation&quot;:&quot;fadeIn&quot;}\" data-widget_type=\"heading.default\">\n\t\t\t\t<div class=\"elementor-widget-container\">\n\t\t\t\t\t<h2 class=\"elementor-heading-title elementor-size-default\">OPTIONALE INHALTE<\/h2>\t\t\t\t<\/div>\n\t\t\t\t<\/div>\n\t\t\t\t<div class=\"elementor-element elementor-element-1a8df97 elementor-widget elementor-widget-text-editor\" data-id=\"1a8df97\" data-element_type=\"widget\" data-widget_type=\"text-editor.default\">\n\t\t\t\t<div class=\"elementor-widget-container\">\n\t\t\t\t\t\t\t\t\t<p><span style=\"color: var( --e-global-color-text ); font-family: var( --e-global-typography-text-font-family ), Sans-serif; font-size: var( --e-global-typography-text-font-size ); font-weight: var( --e-global-typography-text-font-weight );\">Diese Website ist so konzipiert, dass die Textgr\u00f6\u00dfe und -farbe sowie der Seitenhintergrund mithilfe der Standardbrowsereinstellungen ge\u00e4ndert werden k\u00f6nnen.<\/span><\/p>\n<p>Wenn Sie die Schriftgr\u00f6\u00dfe des Textes in den wichtigsten grafischen Browsern \u00e4ndern m\u00f6chten, verwenden Sie die folgenden Men\u00fcs:<\/p>\n<ul>\n<li>Internet Explorer, Mozilla und Firefox: Ansicht &gt; Textgr\u00f6\u00dfe<\/li>\n<li>Opera: Ansicht &gt; Zoom<\/li>\n<li>Safari: Ansicht &gt; Text vergr\u00f6\u00dfern<\/li>\n<li>Chrome: Aktuelle Seite steuern &gt; Textgr\u00f6\u00dfe So \u00e4ndern Sie die Gr\u00f6\u00dfe aller Elemente auf der Seite:<\/li>\n<li>Strg + +, um es zu erh\u00f6hen<\/li><li>Strg + \u2013 um es zu verringern<\/li><li>Strg + 0 stellt die urspr\u00fcngliche Textgr\u00f6\u00dfe wieder her<\/li><li>Wenn Sie das Stylesheet \u00fcberschreiben oder die Textfarbe \u00e4ndern m\u00f6chten, k\u00f6nnen Sie die Seite konsultieren <span lang=\"en\" style=\"background-color: transparent; color: var( --e-global-color-text ); font-family: var( --e-global-typography-text-font-family ), Sans-serif; font-weight: var( --e-global-typography-text-font-weight );\">So \u00e4ndern Sie die WAI-Textgr\u00f6\u00dfe oder -Farben<\/span><span style=\"background-color: transparent; color: var( --e-global-color-text ); font-family: var( --e-global-typography-text-font-family ), Sans-serif; font-weight: var( --e-global-typography-text-font-weight );\">, das ins Spanische \u00fcbersetzt unter Wie \u00e4ndere ich die Textgr\u00f6\u00dfe oder -farben? lesen kann.<\/span><\/li>\n<\/ul>\t\t\t\t\t\t\t\t<\/div>\n\t\t\t\t<\/div>\n\t\t\t\t<div class=\"elementor-element elementor-element-6a1ecad elementor-invisible elementor-widget elementor-widget-heading\" data-id=\"6a1ecad\" data-element_type=\"widget\" data-settings=\"{&quot;_animation&quot;:&quot;fadeIn&quot;}\" data-widget_type=\"heading.default\">\n\t\t\t\t<div class=\"elementor-widget-container\">\n\t\t\t\t\t<h2 class=\"elementor-heading-title elementor-size-default\">Barrierefreiheitsfunktionen auf unserer Website<\/h2>\t\t\t\t<\/div>\n\t\t\t\t<\/div>\n\t\t\t\t<div class=\"elementor-element elementor-element-cb48e77 elementor-widget elementor-widget-text-editor\" data-id=\"cb48e77\" data-element_type=\"widget\" data-widget_type=\"text-editor.default\">\n\t\t\t\t<div class=\"elementor-widget-container\">\n\t\t\t\t\t\t\t\t\t<div><span style=\"color: var( --e-global-color-text ); font-family: var( --e-global-typography-text-font-family ), Sans-serif; font-size: var( --e-global-typography-text-font-size ); font-weight: var( --e-global-typography-text-font-weight );\">Mediante el plugin \u00abOne Click Accessibility\u00bb hemos incorporado las siguientes herramientas para mejorar la accesibilidad:<\/span><\/div><ul><li>Schriftgr\u00f6\u00dfe \u00e4ndern (vergr\u00f6\u00dfern\/verkleinern)<\/li><li>Graustufen<\/li><li>negativer Kontrast<\/li><li>Hoher Kontrast<\/li><li>heller Hintergrund<\/li><li>Link-Unterstreichung<\/li><li>menschenlesbare Schriftart<\/li><li>Link zur Sitemap\/Kommentare\/Hilfeseiten<\/li><li>Aktivieren Sie \u201eZum Inhalt springen\u201c.<\/li><li>F\u00fcgen Sie den Umrissfokus f\u00fcr fokussierbare Elemente hinzu<\/li><li>Zielattribut aus Links entfernen<\/li><li>F\u00fcgen Sie allen Links Referenzrollen hinzu<\/li><li>Customizer zur Stilanpassung<\/li><\/ul>\t\t\t\t\t\t\t\t<\/div>\n\t\t\t\t<\/div>\n\t\t\t\t<div class=\"elementor-element elementor-element-38f5d13 elementor-invisible elementor-widget elementor-widget-heading\" data-id=\"38f5d13\" data-element_type=\"widget\" data-settings=\"{&quot;_animation&quot;:&quot;fadeIn&quot;}\" data-widget_type=\"heading.default\">\n\t\t\t\t<div class=\"elementor-widget-container\">\n\t\t\t\t\t<h2 class=\"elementor-heading-title elementor-size-default\">WO WIR UNS VERBESSERN<\/h2>\t\t\t\t<\/div>\n\t\t\t\t<\/div>\n\t\t\t\t<div class=\"elementor-element elementor-element-e12c902 elementor-widget elementor-widget-text-editor\" data-id=\"e12c902\" data-element_type=\"widget\" data-widget_type=\"text-editor.default\">\n\t\t\t\t<div class=\"elementor-widget-container\">\n\t\t\t\t\t\t\t\t\t<div><span style=\"color: var( --e-global-color-text ); font-family: var( --e-global-typography-text-font-family ), Sans-serif; font-size: var( --e-global-typography-text-font-size ); font-weight: var( --e-global-typography-text-font-weight );\">Dies ist Teil unserer umfassenderen Bem\u00fchungen, die Erfahrung bei GOLF PLANET f\u00fcr alle einladend und angenehm zu gestalten. Bitte beachten Sie, dass wir zwar alle Anstrengungen unternehmen, um Informationen f\u00fcr alle Benutzer zug\u00e4nglich zu machen, wir jedoch die Zug\u00e4nglichkeit von Websites Dritter, auf die wir m\u00f6glicherweise verlinken, nicht garantieren k\u00f6nnen.<\/span><\/div>\t\t\t\t\t\t\t\t<\/div>\n\t\t\t\t<\/div>\n\t\t\t\t<div class=\"elementor-element elementor-element-b5a63cd elementor-invisible elementor-widget elementor-widget-heading\" data-id=\"b5a63cd\" data-element_type=\"widget\" data-settings=\"{&quot;_animation&quot;:&quot;fadeIn&quot;}\" data-widget_type=\"heading.default\">\n\t\t\t\t<div class=\"elementor-widget-container\">\n\t\t\t\t\t<h2 class=\"elementor-heading-title elementor-size-default\">KONTAKT ZUM SUPPORT ZUR Barrierefreiheit<\/h2>\t\t\t\t<\/div>\n\t\t\t\t<\/div>\n\t\t\t\t<div class=\"elementor-element elementor-element-3892aad elementor-widget elementor-widget-text-editor\" data-id=\"3892aad\" data-element_type=\"widget\" data-widget_type=\"text-editor.default\">\n\t\t\t\t<div class=\"elementor-widget-container\">\n\t\t\t\t\t\t\t\t\t<div><span style=\"color: var( --e-global-color-text ); font-family: var( --e-global-typography-text-font-family ), Sans-serif; font-size: var( --e-global-typography-text-font-size ); font-weight: var( --e-global-typography-text-font-weight );\">Damos la bienvenida a comentarios, preguntas y comentarios sobre nuestro sitio web. Si est\u00e1 utilizando tecnolog\u00edas de asistencia y tiene dificultades para usar nuestro sitio web, env\u00ede un correo electr\u00f3nico a info@golf-planet.es. Haremos todo lo posible para ayudar y resolver los problemas.<\/span><\/div>\t\t\t\t\t\t\t\t<\/div>\n\t\t\t\t<\/div>\n\t\t\t\t\t<\/div>\n\t\t<\/div>\n\t\t\t\t\t<\/div>\n\t\t<\/section>\n\t\t\t\t<section class=\"elementor-section elementor-top-section elementor-element elementor-element-7354cac elementor-section-boxed elementor-section-height-default elementor-section-height-default\" data-id=\"7354cac\" data-element_type=\"section\">\n\t\t\t\t\t\t<div class=\"elementor-container elementor-column-gap-default\">\n\t\t\t\t\t<div class=\"elementor-column elementor-col-100 elementor-top-column elementor-element elementor-element-f07797d\" data-id=\"f07797d\" data-element_type=\"column\">\n\t\t\t<div class=\"elementor-widget-wrap elementor-element-populated\">\n\t\t\t\t\t\t<div class=\"elementor-element elementor-element-e9d3515 elementor-align-center elementor-widget elementor-widget-button\" data-id=\"e9d3515\" data-element_type=\"widget\" data-widget_type=\"button.default\">\n\t\t\t\t<div class=\"elementor-widget-container\">\n\t\t\t\t\t\t\t\t\t<div class=\"elementor-button-wrapper\">\n\t\t\t\t\t<a class=\"elementor-button elementor-button-link elementor-size-md elementor-animation-grow\" href=\"https:\/\/www.golf-planet.es\/de\/kontakt\/\">\n\t\t\t\t\t\t<span class=\"elementor-button-content-wrapper\">\n\t\t\t\t\t\t\t\t\t<span class=\"elementor-button-text\">Frage nach mehr Informationen<\/span>\n\t\t\t\t\t<\/span>\n\t\t\t\t\t<\/a>\n\t\t\t\t<\/div>\n\t\t\t\t\t\t\t\t<\/div>\n\t\t\t\t<\/div>\n\t\t\t\t\t<\/div>\n\t\t<\/div>\n\t\t\t\t\t<\/div>\n\t\t<\/section>\n\t\t\t\t<\/div>","protected":false},"excerpt":{"rendered":"<p>ACCESIBILIDAD Declaraci\u00f3n responsable de accesibilidad de este sitio web en cumplimiento con la normativa vigente se ha comprometido a proporcionar una experiencia de sitio web totalmente accesible para todos los usuarios, incluidos aquellos que dependen de tecnolog\u00edas de asistencia como lectores de pantalla, software de ampliaci\u00f3n de pantalla y dispositivos de entrada de teclado alternativos [&hellip;]<\/p>","protected":false},"author":4,"featured_media":207,"parent":0,"menu_order":9,"comment_status":"closed","ping_status":"closed","template":"elementor_header_footer","meta":{"_joinchat":[],"footnotes":""},"class_list":["post-327","page","type-page","status-publish","has-post-thumbnail","hentry"],"yoast_head":"<!-- This site is optimized with the Yoast SEO plugin v24.4 - https:\/\/yoast.com\/wordpress\/plugins\/seo\/ -->\n<title>Accesibilidad | Golf Planet<\/title>\n<meta name=\"description\" content=\"Ofrecemos opciones personalizadas y cumplimos con est\u00e1ndares de accesibilidad web. Tu experiencia es importante para nosotros.\" \/>\n<meta name=\"robots\" content=\"noindex, nofollow\" \/>\n<meta property=\"og:locale\" content=\"de_DE\" \/>\n<meta property=\"og:type\" content=\"article\" \/>\n<meta property=\"og:title\" content=\"Accesibilidad | Golf Planet\" \/>\n<meta property=\"og:description\" content=\"Ofrecemos opciones personalizadas y cumplimos con est\u00e1ndares de accesibilidad web. Tu experiencia es importante para nosotros.\" \/>\n<meta property=\"og:url\" content=\"https:\/\/www.golf-planet.es\/de\/barrierefreiheit\/\" \/>\n<meta property=\"og:site_name\" content=\"Golf Planet\" \/>\n<meta property=\"article:modified_time\" content=\"2023-11-29T16:08:07+00:00\" \/>\n<meta property=\"og:image\" content=\"https:\/\/www.golf-planet.es\/wp-content\/uploads\/2023\/03\/accesibilidad.jpg\" \/>\n\t<meta property=\"og:image:width\" content=\"1700\" \/>\n\t<meta property=\"og:image:height\" content=\"590\" \/>\n\t<meta property=\"og:image:type\" content=\"image\/jpeg\" \/>\n<meta name=\"twitter:card\" content=\"summary_large_image\" \/>\n<script type=\"application\/ld+json\" class=\"yoast-schema-graph\">{\"@context\":\"https:\/\/schema.org\",\"@graph\":[{\"@type\":\"WebPage\",\"@id\":\"https:\/\/www.golf-planet.es\/accesibilidad\/\",\"url\":\"https:\/\/www.golf-planet.es\/accesibilidad\/\",\"name\":\"Accesibilidad | Golf Planet\",\"isPartOf\":{\"@id\":\"https:\/\/www.golf-planet.es\/#website\"},\"primaryImageOfPage\":{\"@id\":\"https:\/\/www.golf-planet.es\/accesibilidad\/#primaryimage\"},\"image\":{\"@id\":\"https:\/\/www.golf-planet.es\/accesibilidad\/#primaryimage\"},\"thumbnailUrl\":\"https:\/\/www.golf-planet.es\/wp-content\/uploads\/2023\/03\/accesibilidad.jpg\",\"datePublished\":\"2023-03-28T09:42:17+00:00\",\"dateModified\":\"2023-11-29T16:08:07+00:00\",\"description\":\"Ofrecemos opciones personalizadas y cumplimos con est\u00e1ndares de accesibilidad web. Tu experiencia es importante para nosotros.\",\"breadcrumb\":{\"@id\":\"https:\/\/www.golf-planet.es\/accesibilidad\/#breadcrumb\"},\"inLanguage\":\"de\",\"potentialAction\":[{\"@type\":\"ReadAction\",\"target\":[\"https:\/\/www.golf-planet.es\/accesibilidad\/\"]}]},{\"@type\":\"ImageObject\",\"inLanguage\":\"de\",\"@id\":\"https:\/\/www.golf-planet.es\/accesibilidad\/#primaryimage\",\"url\":\"https:\/\/www.golf-planet.es\/wp-content\/uploads\/2023\/03\/accesibilidad.jpg\",\"contentUrl\":\"https:\/\/www.golf-planet.es\/wp-content\/uploads\/2023\/03\/accesibilidad.jpg\",\"width\":1700,\"height\":590,\"caption\":\"accesibilidad\"},{\"@type\":\"BreadcrumbList\",\"@id\":\"https:\/\/www.golf-planet.es\/accesibilidad\/#breadcrumb\",\"itemListElement\":[{\"@type\":\"ListItem\",\"position\":1,\"name\":\"Inicio\",\"item\":\"https:\/\/www.golf-planet.es\/\"},{\"@type\":\"ListItem\",\"position\":2,\"name\":\"Accesibilidad\"}]},{\"@type\":\"WebSite\",\"@id\":\"https:\/\/www.golf-planet.es\/#website\",\"url\":\"https:\/\/www.golf-planet.es\/\",\"name\":\"Golf Planet\",\"description\":\"Takin golf into a new dimension\",\"publisher\":{\"@id\":\"https:\/\/www.golf-planet.es\/#organization\"},\"potentialAction\":[{\"@type\":\"SearchAction\",\"target\":{\"@type\":\"EntryPoint\",\"urlTemplate\":\"https:\/\/www.golf-planet.es\/?s={search_term_string}\"},\"query-input\":{\"@type\":\"PropertyValueSpecification\",\"valueRequired\":true,\"valueName\":\"search_term_string\"}}],\"inLanguage\":\"de\"},{\"@type\":\"Organization\",\"@id\":\"https:\/\/www.golf-planet.es\/#organization\",\"name\":\"Golf Planet\",\"url\":\"https:\/\/www.golf-planet.es\/\",\"logo\":{\"@type\":\"ImageObject\",\"inLanguage\":\"de\",\"@id\":\"https:\/\/www.golf-planet.es\/#\/schema\/logo\/image\/\",\"url\":\"https:\/\/www.golf-planet.es\/wp-content\/uploads\/2023\/11\/logo-golfplanet-negro.svg\",\"contentUrl\":\"https:\/\/www.golf-planet.es\/wp-content\/uploads\/2023\/11\/logo-golfplanet-negro.svg\",\"width\":1633,\"height\":460,\"caption\":\"Golf Planet\"},\"image\":{\"@id\":\"https:\/\/www.golf-planet.es\/#\/schema\/logo\/image\/\"}}]}<\/script>\n<!-- \/ Yoast SEO plugin. -->","yoast_head_json":{"title":"Accesibilidad | Golf Planet","description":"Ofrecemos opciones personalizadas y cumplimos con est\u00e1ndares de accesibilidad web. Tu experiencia es importante para nosotros.","robots":{"index":"noindex","follow":"nofollow"},"og_locale":"de_DE","og_type":"article","og_title":"Accesibilidad | Golf Planet","og_description":"Ofrecemos opciones personalizadas y cumplimos con est\u00e1ndares de accesibilidad web. Tu experiencia es importante para nosotros.","og_url":"https:\/\/www.golf-planet.es\/de\/barrierefreiheit\/","og_site_name":"Golf Planet","article_modified_time":"2023-11-29T16:08:07+00:00","og_image":[{"width":1700,"height":590,"url":"https:\/\/www.golf-planet.es\/wp-content\/uploads\/2023\/03\/accesibilidad.jpg","type":"image\/jpeg"}],"twitter_card":"summary_large_image","schema":{"@context":"https:\/\/schema.org","@graph":[{"@type":"WebPage","@id":"https:\/\/www.golf-planet.es\/accesibilidad\/","url":"https:\/\/www.golf-planet.es\/accesibilidad\/","name":"Accesibilidad | Golf Planet","isPartOf":{"@id":"https:\/\/www.golf-planet.es\/#website"},"primaryImageOfPage":{"@id":"https:\/\/www.golf-planet.es\/accesibilidad\/#primaryimage"},"image":{"@id":"https:\/\/www.golf-planet.es\/accesibilidad\/#primaryimage"},"thumbnailUrl":"https:\/\/www.golf-planet.es\/wp-content\/uploads\/2023\/03\/accesibilidad.jpg","datePublished":"2023-03-28T09:42:17+00:00","dateModified":"2023-11-29T16:08:07+00:00","description":"Ofrecemos opciones personalizadas y cumplimos con est\u00e1ndares de accesibilidad web. Tu experiencia es importante para nosotros.","breadcrumb":{"@id":"https:\/\/www.golf-planet.es\/accesibilidad\/#breadcrumb"},"inLanguage":"de","potentialAction":[{"@type":"ReadAction","target":["https:\/\/www.golf-planet.es\/accesibilidad\/"]}]},{"@type":"ImageObject","inLanguage":"de","@id":"https:\/\/www.golf-planet.es\/accesibilidad\/#primaryimage","url":"https:\/\/www.golf-planet.es\/wp-content\/uploads\/2023\/03\/accesibilidad.jpg","contentUrl":"https:\/\/www.golf-planet.es\/wp-content\/uploads\/2023\/03\/accesibilidad.jpg","width":1700,"height":590,"caption":"accesibilidad"},{"@type":"BreadcrumbList","@id":"https:\/\/www.golf-planet.es\/accesibilidad\/#breadcrumb","itemListElement":[{"@type":"ListItem","position":1,"name":"Inicio","item":"https:\/\/www.golf-planet.es\/"},{"@type":"ListItem","position":2,"name":"Accesibilidad"}]},{"@type":"WebSite","@id":"https:\/\/www.golf-planet.es\/#website","url":"https:\/\/www.golf-planet.es\/","name":"Golf Planet","description":"Takin golf into a new dimension","publisher":{"@id":"https:\/\/www.golf-planet.es\/#organization"},"potentialAction":[{"@type":"SearchAction","target":{"@type":"EntryPoint","urlTemplate":"https:\/\/www.golf-planet.es\/?s={search_term_string}"},"query-input":{"@type":"PropertyValueSpecification","valueRequired":true,"valueName":"search_term_string"}}],"inLanguage":"de"},{"@type":"Organization","@id":"https:\/\/www.golf-planet.es\/#organization","name":"Golf Planet","url":"https:\/\/www.golf-planet.es\/","logo":{"@type":"ImageObject","inLanguage":"de","@id":"https:\/\/www.golf-planet.es\/#\/schema\/logo\/image\/","url":"https:\/\/www.golf-planet.es\/wp-content\/uploads\/2023\/11\/logo-golfplanet-negro.svg","contentUrl":"https:\/\/www.golf-planet.es\/wp-content\/uploads\/2023\/11\/logo-golfplanet-negro.svg","width":1633,"height":460,"caption":"Golf Planet"},"image":{"@id":"https:\/\/www.golf-planet.es\/#\/schema\/logo\/image\/"}}]}},"_links":{"self":[{"href":"https:\/\/www.golf-planet.es\/de\/wp-json\/wp\/v2\/pages\/327","targetHints":{"allow":["GET"]}}],"collection":[{"href":"https:\/\/www.golf-planet.es\/de\/wp-json\/wp\/v2\/pages"}],"about":[{"href":"https:\/\/www.golf-planet.es\/de\/wp-json\/wp\/v2\/types\/page"}],"author":[{"embeddable":true,"href":"https:\/\/www.golf-planet.es\/de\/wp-json\/wp\/v2\/users\/4"}],"replies":[{"embeddable":true,"href":"https:\/\/www.golf-planet.es\/de\/wp-json\/wp\/v2\/comments?post=327"}],"version-history":[{"count":5,"href":"https:\/\/www.golf-planet.es\/de\/wp-json\/wp\/v2\/pages\/327\/revisions"}],"predecessor-version":[{"id":1500,"href":"https:\/\/www.golf-planet.es\/de\/wp-json\/wp\/v2\/pages\/327\/revisions\/1500"}],"wp:featuredmedia":[{"embeddable":true,"href":"https:\/\/www.golf-planet.es\/de\/wp-json\/wp\/v2\/media\/207"}],"wp:attachment":[{"href":"https:\/\/www.golf-planet.es\/de\/wp-json\/wp\/v2\/media?parent=327"}],"curies":[{"name":"wp","href":"https:\/\/api.w.org\/{rel}","templated":true}]}}