{"id":323,"date":"2023-03-28T11:42:16","date_gmt":"2023-03-28T09:42:16","guid":{"rendered":"https:\/\/www.golf-planet.es\/mapa-del-sitio-2\/"},"modified":"2023-11-29T17:02:43","modified_gmt":"2023-11-29T16:02:43","slug":"mapa-del-sitio","status":"publish","type":"page","link":"https:\/\/www.golf-planet.es\/de\/seitenverzeichnis\/","title":{"rendered":"Seitenverzeichnis"},"content":{"rendered":"<div data-elementor-type=\"wp-page\" data-elementor-id=\"323\" class=\"elementor elementor-323\" data-elementor-post-type=\"page\">\n\t\t\t\t\t\t<section class=\"elementor-section elementor-top-section elementor-element elementor-element-3793518b elementor-section-full_width elementor-section-height-default elementor-section-height-default\" data-id=\"3793518b\" data-element_type=\"section\" data-settings=\"{&quot;background_background&quot;:&quot;classic&quot;,&quot;background_motion_fx_motion_fx_scrolling&quot;:&quot;yes&quot;,&quot;background_motion_fx_devices&quot;:[&quot;desktop&quot;,&quot;tablet&quot;,&quot;mobile&quot;]}\">\n\t\t\t\t\t\t\t<div class=\"elementor-background-overlay\"><\/div>\n\t\t\t\t\t\t\t<div class=\"elementor-container elementor-column-gap-no\">\n\t\t\t\t\t<div class=\"elementor-column elementor-col-100 elementor-top-column elementor-element elementor-element-448b4c88\" data-id=\"448b4c88\" data-element_type=\"column\" data-settings=\"{&quot;background_background&quot;:&quot;classic&quot;}\">\n\t\t\t<div class=\"elementor-widget-wrap elementor-element-populated\">\n\t\t\t\t\t\t<div class=\"elementor-element elementor-element-81ec041 elementor-widget__width-auto elementor-mobile-align-center elementor-widget-mobile__width-auto elementor-widget elementor-widget-breadcrumbs\" data-id=\"81ec041\" data-element_type=\"widget\" data-widget_type=\"breadcrumbs.default\">\n\t\t\t\t<div class=\"elementor-widget-container\">\n\t\t\t\t\t<p id=\"breadcrumbs\"><span><span><a href=\"https:\/\/www.golf-planet.es\/de\">Start<\/a><\/span><\/span><\/p>\t\t\t\t<\/div>\n\t\t\t\t<\/div>\n\t\t\t\t<div class=\"elementor-element elementor-element-636aff67 elementor-invisible elementor-widget elementor-widget-heading\" data-id=\"636aff67\" data-element_type=\"widget\" data-settings=\"{&quot;_animation&quot;:&quot;fadeInLeft&quot;}\" data-widget_type=\"heading.default\">\n\t\t\t\t<div class=\"elementor-widget-container\">\n\t\t\t\t\t<h1 class=\"elementor-heading-title elementor-size-default\">SEITENVERZEICHNIS<\/h1>\t\t\t\t<\/div>\n\t\t\t\t<\/div>\n\t\t\t\t<div class=\"elementor-element elementor-element-39de77fb elementor-widget elementor-widget-text-editor\" data-id=\"39de77fb\" data-element_type=\"widget\" data-widget_type=\"text-editor.default\">\n\t\t\t\t<div class=\"elementor-widget-container\">\n\t\t\t\t\t\t\t\t\t<p style=\"text-align: center;\">Informationen \u00fcber die interne Struktur der Website, die Seiten und deren Aufteilung in Men\u00fcs<\/p>\t\t\t\t\t\t\t\t<\/div>\n\t\t\t\t<\/div>\n\t\t\t\t\t<\/div>\n\t\t<\/div>\n\t\t\t\t\t<\/div>\n\t\t<\/section>\n\t\t\t\t<section class=\"elementor-section elementor-top-section elementor-element elementor-element-424fd81d elementor-section-boxed elementor-section-height-default elementor-section-height-default\" data-id=\"424fd81d\" data-element_type=\"section\">\n\t\t\t\t\t\t<div class=\"elementor-container elementor-column-gap-default\">\n\t\t\t\t\t<div class=\"elementor-column elementor-col-25 elementor-top-column elementor-element elementor-element-76781787\" data-id=\"76781787\" data-element_type=\"column\">\n\t\t\t<div class=\"elementor-widget-wrap elementor-element-populated\">\n\t\t\t\t\t\t<div class=\"elementor-element elementor-element-178bf973 elementor-widget elementor-widget-sitemap\" data-id=\"178bf973\" data-element_type=\"widget\" data-widget_type=\"sitemap.default\">\n\t\t\t\t<div class=\"elementor-widget-container\">\n\t\t\t\t\t<div class=\"elementor-sitemap-wrap\"><div class=\"elementor-sitemap-section\"><h2 class=\"elementor-sitemap-title elementor-sitemap-page-title\">Seiten<\/h2><ul class=\"elementor-sitemap-list elementor-sitemap-page-list\"><li class=\"elementor-sitemap-item elementor-sitemap-item-page page_item page-item-1440\"><a rel=\"nofollow\" href=\"https:\/\/www.golf-planet.es\/de\/galerie\/\">Galerie<\/a><\/li><li class=\"elementor-sitemap-item elementor-sitemap-item-page page_item page-item-251\"><a rel=\"nofollow\" href=\"https:\/\/www.golf-planet.es\/de\">Start<\/a><\/li><li class=\"elementor-sitemap-item elementor-sitemap-item-page page_item page-item-448\"><a rel=\"nofollow\" href=\"https:\/\/www.golf-planet.es\/de\/kanpei\/\">Kan Pei<\/a><\/li><li class=\"elementor-sitemap-item elementor-sitemap-item-page page_item page-item-450\"><a rel=\"nofollow\" href=\"https:\/\/www.golf-planet.es\/de\/partner\/\">Partner<\/a><\/li><li class=\"elementor-sitemap-item elementor-sitemap-item-page page_item page-item-308\"><a rel=\"nofollow\" href=\"https:\/\/www.golf-planet.es\/de\/kontakt\/\">Kontakt<\/a><\/li><li class=\"elementor-sitemap-item elementor-sitemap-item-page page_item page-item-311\"><a rel=\"nofollow\" href=\"https:\/\/www.golf-planet.es\/de\/rechtliche-warnung\/\">Rechtliche Warnung<\/a><\/li><li class=\"elementor-sitemap-item elementor-sitemap-item-page page_item page-item-315\"><a rel=\"nofollow\" href=\"https:\/\/www.golf-planet.es\/de\/datenschutzrichtlinie\/\">Datenschutz-Bestimmungen<\/a><\/li><li class=\"elementor-sitemap-item elementor-sitemap-item-page page_item page-item-319\"><a rel=\"nofollow\" href=\"https:\/\/www.golf-planet.es\/de\/cookie-richtlinie\/\">Cookie-Richtlinie<\/a><\/li><li class=\"elementor-sitemap-item elementor-sitemap-item-page page_item page-item-327\"><a rel=\"nofollow\" href=\"https:\/\/www.golf-planet.es\/de\/barrierefreiheit\/\">Barrierefreiheit<\/a><\/li><li class=\"elementor-sitemap-item elementor-sitemap-item-page page_item page-item-323\"><a rel=\"nofollow\" href=\"https:\/\/www.golf-planet.es\/de\/seitenverzeichnis\/\">Seitenverzeichnis<\/a><\/li><\/ul><\/div><\/div>\t\t\t\t<\/div>\n\t\t\t\t<\/div>\n\t\t\t\t\t<\/div>\n\t\t<\/div>\n\t\t\t\t<div class=\"elementor-column elementor-col-25 elementor-top-column elementor-element elementor-element-2b020fe8\" data-id=\"2b020fe8\" data-element_type=\"column\">\n\t\t\t<div class=\"elementor-widget-wrap elementor-element-populated\">\n\t\t\t\t\t\t<div class=\"elementor-element elementor-element-73dd2e65 elementor-widget elementor-widget-sitemap\" data-id=\"73dd2e65\" data-element_type=\"widget\" data-widget_type=\"sitemap.default\">\n\t\t\t\t<div class=\"elementor-widget-container\">\n\t\t\t\t\t<div class=\"elementor-sitemap-wrap\"><div class=\"elementor-sitemap-section\"><h2 class=\"elementor-sitemap-title elementor-sitemap-page-title\">Rechtsmen\u00fc<\/h2><ul class=\"elementor-sitemap-list elementor-sitemap-page-list\"><li class=\"elementor-sitemap-item elementor-sitemap-item-page page_item page-item-1440\"><a rel=\"nofollow\" href=\"https:\/\/www.golf-planet.es\/de\/galerie\/\">Galerie<\/a><\/li><li class=\"elementor-sitemap-item elementor-sitemap-item-page page_item page-item-311\"><a rel=\"nofollow\" href=\"https:\/\/www.golf-planet.es\/de\/rechtliche-warnung\/\">Rechtliche Warnung<\/a><\/li><li class=\"elementor-sitemap-item elementor-sitemap-item-page page_item page-item-315\"><a rel=\"nofollow\" href=\"https:\/\/www.golf-planet.es\/de\/datenschutzrichtlinie\/\">Datenschutz-Bestimmungen<\/a><\/li><li class=\"elementor-sitemap-item elementor-sitemap-item-page page_item page-item-319\"><a rel=\"nofollow\" href=\"https:\/\/www.golf-planet.es\/de\/cookie-richtlinie\/\">Cookie-Richtlinie<\/a><\/li><\/ul><\/div><\/div>\t\t\t\t<\/div>\n\t\t\t\t<\/div>\n\t\t\t\t\t<\/div>\n\t\t<\/div>\n\t\t\t\t<div class=\"elementor-column elementor-col-25 elementor-top-column elementor-element elementor-element-5e9281a7\" data-id=\"5e9281a7\" data-element_type=\"column\">\n\t\t\t<div class=\"elementor-widget-wrap elementor-element-populated\">\n\t\t\t\t\t\t<div class=\"elementor-element elementor-element-6c23ebc5 elementor-widget elementor-widget-sitemap\" data-id=\"6c23ebc5\" data-element_type=\"widget\" data-widget_type=\"sitemap.default\">\n\t\t\t\t<div class=\"elementor-widget-container\">\n\t\t\t\t\t<div class=\"elementor-sitemap-wrap\"><div class=\"elementor-sitemap-section\"><h2 class=\"elementor-sitemap-title elementor-sitemap-page-title\">Men\u00fc \u201eBarrierefreiheit\u201c.<\/h2><ul class=\"elementor-sitemap-list elementor-sitemap-page-list\"><li class=\"elementor-sitemap-item elementor-sitemap-item-page page_item page-item-1440\"><a rel=\"nofollow\" href=\"https:\/\/www.golf-planet.es\/de\/galerie\/\">Galerie<\/a><\/li><li class=\"elementor-sitemap-item elementor-sitemap-item-page page_item page-item-327\"><a rel=\"nofollow\" href=\"https:\/\/www.golf-planet.es\/de\/barrierefreiheit\/\">Barrierefreiheit<\/a><\/li><li class=\"elementor-sitemap-item elementor-sitemap-item-page page_item page-item-323\"><a rel=\"nofollow\" href=\"https:\/\/www.golf-planet.es\/de\/seitenverzeichnis\/\">Seitenverzeichnis<\/a><\/li><\/ul><\/div><\/div>\t\t\t\t<\/div>\n\t\t\t\t<\/div>\n\t\t\t\t\t<\/div>\n\t\t<\/div>\n\t\t\t\t<div class=\"elementor-column elementor-col-25 elementor-top-column elementor-element elementor-element-ef0803d\" data-id=\"ef0803d\" data-element_type=\"column\">\n\t\t\t<div class=\"elementor-widget-wrap elementor-element-populated\">\n\t\t\t\t\t\t<div class=\"elementor-element elementor-element-2ff3da1 elementor-widget elementor-widget-sitemap\" data-id=\"2ff3da1\" data-element_type=\"widget\" data-widget_type=\"sitemap.default\">\n\t\t\t\t<div class=\"elementor-widget-container\">\n\t\t\t\t\t<div class=\"elementor-sitemap-wrap\"><div class=\"elementor-sitemap-section\"><h2 class=\"elementor-sitemap-title elementor-sitemap-language_switcher-title\">Sprachenmen\u00fc<\/h2><ul class=\"elementor-sitemap-list elementor-sitemap-language_switcher-list\"><li class=\"elementor-sitemap-item elementor-sitemap-item-language_switcher page_item page-item-142\"><a rel=\"nofollow\" href=\"https:\/\/www.golf-planet.es\/de\/language_switcher\/spanish\/\">Spanisch<\/a><\/li><li class=\"elementor-sitemap-item elementor-sitemap-item-language_switcher page_item page-item-143\"><a rel=\"nofollow\" href=\"https:\/\/www.golf-planet.es\/de\/language_switcher\/english\/\">Englisch<\/a><\/li><li class=\"elementor-sitemap-item elementor-sitemap-item-language_switcher page_item page-item-144\"><a rel=\"nofollow\" href=\"https:\/\/www.golf-planet.es\/de\/language_switcher\/idioma-actual\/\">Aktuelle Sprache<\/a><\/li><li class=\"elementor-sitemap-item elementor-sitemap-item-language_switcher page_item page-item-426\"><a rel=\"nofollow\" href=\"https:\/\/www.golf-planet.es\/de\/language_switcher\/german\/\">Deutsch<\/a><\/li><\/ul><\/div><\/div>\t\t\t\t<\/div>\n\t\t\t\t<\/div>\n\t\t\t\t\t<\/div>\n\t\t<\/div>\n\t\t\t\t\t<\/div>\n\t\t<\/section>\n\t\t\t\t<section class=\"elementor-section elementor-top-section elementor-element elementor-element-19b8064 elementor-section-boxed elementor-section-height-default elementor-section-height-default\" data-id=\"19b8064\" data-element_type=\"section\">\n\t\t\t\t\t\t<div class=\"elementor-container elementor-column-gap-default\">\n\t\t\t\t\t<div class=\"elementor-column elementor-col-100 elementor-top-column elementor-element elementor-element-a17f9cc\" data-id=\"a17f9cc\" data-element_type=\"column\">\n\t\t\t<div class=\"elementor-widget-wrap elementor-element-populated\">\n\t\t\t\t\t\t<div class=\"elementor-element elementor-element-31a24d1 elementor-align-center elementor-widget elementor-widget-button\" data-id=\"31a24d1\" data-element_type=\"widget\" data-widget_type=\"button.default\">\n\t\t\t\t<div class=\"elementor-widget-container\">\n\t\t\t\t\t\t\t\t\t<div class=\"elementor-button-wrapper\">\n\t\t\t\t\t<a class=\"elementor-button elementor-button-link elementor-size-md elementor-animation-grow\" href=\"https:\/\/www.golf-planet.es\/de\/kontakt\/\">\n\t\t\t\t\t\t<span class=\"elementor-button-content-wrapper\">\n\t\t\t\t\t\t\t\t\t<span class=\"elementor-button-text\">Frage nach mehr Informationen<\/span>\n\t\t\t\t\t<\/span>\n\t\t\t\t\t<\/a>\n\t\t\t\t<\/div>\n\t\t\t\t\t\t\t\t<\/div>\n\t\t\t\t<\/div>\n\t\t\t\t\t<\/div>\n\t\t<\/div>\n\t\t\t\t\t<\/div>\n\t\t<\/section>\n\t\t\t\t<\/div>","protected":false},"excerpt":{"rendered":"<p>MAPA DEL SITIO Informaci\u00f3n sobre la estructura interna del sitio, las p\u00e1ginas y su distribuci\u00f3n en men\u00fas Solicitar m\u00e1s informaci\u00f3n<\/p>","protected":false},"author":4,"featured_media":214,"parent":0,"menu_order":10,"comment_status":"closed","ping_status":"closed","template":"","meta":{"_joinchat":[],"footnotes":""},"class_list":["post-323","page","type-page","status-publish","has-post-thumbnail","hentry"],"yoast_head":"<!-- This site is optimized with the Yoast SEO plugin v24.4 - https:\/\/yoast.com\/wordpress\/plugins\/seo\/ -->\n<title>Mapa del Sitio | Golf Planet<\/title>\n<meta name=\"description\" content=\"Navega f\u00e1cilmente por nuestra web a trav\u00e9s de nuestro Mapa del Sitio. Encuentra enlaces directos a nuestras principales secciones.\" \/>\n<meta name=\"robots\" content=\"noindex, nofollow\" \/>\n<meta property=\"og:locale\" content=\"de_DE\" \/>\n<meta property=\"og:type\" content=\"article\" \/>\n<meta property=\"og:title\" content=\"Mapa del Sitio | Golf Planet\" \/>\n<meta property=\"og:description\" content=\"Navega f\u00e1cilmente por nuestra web a trav\u00e9s de nuestro Mapa del Sitio. Encuentra enlaces directos a nuestras principales secciones.\" \/>\n<meta property=\"og:url\" content=\"https:\/\/www.golf-planet.es\/de\/seitenverzeichnis\/\" \/>\n<meta property=\"og:site_name\" content=\"Golf Planet\" \/>\n<meta property=\"article:modified_time\" content=\"2023-11-29T16:02:43+00:00\" \/>\n<meta property=\"og:image\" content=\"https:\/\/www.golf-planet.es\/wp-content\/uploads\/2023\/03\/sitemap.jpeg\" \/>\n\t<meta property=\"og:image:width\" content=\"1367\" \/>\n\t<meta property=\"og:image:height\" content=\"768\" \/>\n\t<meta property=\"og:image:type\" content=\"image\/jpeg\" \/>\n<meta name=\"twitter:card\" content=\"summary_large_image\" \/>\n<script type=\"application\/ld+json\" class=\"yoast-schema-graph\">{\"@context\":\"https:\/\/schema.org\",\"@graph\":[{\"@type\":\"WebPage\",\"@id\":\"https:\/\/www.golf-planet.es\/mapa-del-sitio\/\",\"url\":\"https:\/\/www.golf-planet.es\/mapa-del-sitio\/\",\"name\":\"Mapa del Sitio | Golf Planet\",\"isPartOf\":{\"@id\":\"https:\/\/www.golf-planet.es\/#website\"},\"primaryImageOfPage\":{\"@id\":\"https:\/\/www.golf-planet.es\/mapa-del-sitio\/#primaryimage\"},\"image\":{\"@id\":\"https:\/\/www.golf-planet.es\/mapa-del-sitio\/#primaryimage\"},\"thumbnailUrl\":\"https:\/\/www.golf-planet.es\/wp-content\/uploads\/2023\/03\/sitemap.jpeg\",\"datePublished\":\"2023-03-28T09:42:16+00:00\",\"dateModified\":\"2023-11-29T16:02:43+00:00\",\"description\":\"Navega f\u00e1cilmente por nuestra web a trav\u00e9s de nuestro Mapa del Sitio. Encuentra enlaces directos a nuestras principales secciones.\",\"breadcrumb\":{\"@id\":\"https:\/\/www.golf-planet.es\/mapa-del-sitio\/#breadcrumb\"},\"inLanguage\":\"de\",\"potentialAction\":[{\"@type\":\"ReadAction\",\"target\":[\"https:\/\/www.golf-planet.es\/mapa-del-sitio\/\"]}]},{\"@type\":\"ImageObject\",\"inLanguage\":\"de\",\"@id\":\"https:\/\/www.golf-planet.es\/mapa-del-sitio\/#primaryimage\",\"url\":\"https:\/\/www.golf-planet.es\/wp-content\/uploads\/2023\/03\/sitemap.jpeg\",\"contentUrl\":\"https:\/\/www.golf-planet.es\/wp-content\/uploads\/2023\/03\/sitemap.jpeg\",\"width\":1367,\"height\":768,\"caption\":\"sitemap\"},{\"@type\":\"BreadcrumbList\",\"@id\":\"https:\/\/www.golf-planet.es\/mapa-del-sitio\/#breadcrumb\",\"itemListElement\":[{\"@type\":\"ListItem\",\"position\":1,\"name\":\"Inicio\",\"item\":\"https:\/\/www.golf-planet.es\/\"},{\"@type\":\"ListItem\",\"position\":2,\"name\":\"Mapa del Sitio\"}]},{\"@type\":\"WebSite\",\"@id\":\"https:\/\/www.golf-planet.es\/#website\",\"url\":\"https:\/\/www.golf-planet.es\/\",\"name\":\"Golf Planet\",\"description\":\"Takin golf into a new dimension\",\"publisher\":{\"@id\":\"https:\/\/www.golf-planet.es\/#organization\"},\"potentialAction\":[{\"@type\":\"SearchAction\",\"target\":{\"@type\":\"EntryPoint\",\"urlTemplate\":\"https:\/\/www.golf-planet.es\/?s={search_term_string}\"},\"query-input\":{\"@type\":\"PropertyValueSpecification\",\"valueRequired\":true,\"valueName\":\"search_term_string\"}}],\"inLanguage\":\"de\"},{\"@type\":\"Organization\",\"@id\":\"https:\/\/www.golf-planet.es\/#organization\",\"name\":\"Golf Planet\",\"url\":\"https:\/\/www.golf-planet.es\/\",\"logo\":{\"@type\":\"ImageObject\",\"inLanguage\":\"de\",\"@id\":\"https:\/\/www.golf-planet.es\/#\/schema\/logo\/image\/\",\"url\":\"https:\/\/www.golf-planet.es\/wp-content\/uploads\/2023\/11\/logo-golfplanet-negro.svg\",\"contentUrl\":\"https:\/\/www.golf-planet.es\/wp-content\/uploads\/2023\/11\/logo-golfplanet-negro.svg\",\"width\":1633,\"height\":460,\"caption\":\"Golf Planet\"},\"image\":{\"@id\":\"https:\/\/www.golf-planet.es\/#\/schema\/logo\/image\/\"}}]}<\/script>\n<!-- \/ Yoast SEO plugin. -->","yoast_head_json":{"title":"Mapa del Sitio | Golf Planet","description":"Navega f\u00e1cilmente por nuestra web a trav\u00e9s de nuestro Mapa del Sitio. Encuentra enlaces directos a nuestras principales secciones.","robots":{"index":"noindex","follow":"nofollow"},"og_locale":"de_DE","og_type":"article","og_title":"Mapa del Sitio | Golf Planet","og_description":"Navega f\u00e1cilmente por nuestra web a trav\u00e9s de nuestro Mapa del Sitio. Encuentra enlaces directos a nuestras principales secciones.","og_url":"https:\/\/www.golf-planet.es\/de\/seitenverzeichnis\/","og_site_name":"Golf Planet","article_modified_time":"2023-11-29T16:02:43+00:00","og_image":[{"width":1367,"height":768,"url":"https:\/\/www.golf-planet.es\/wp-content\/uploads\/2023\/03\/sitemap.jpeg","type":"image\/jpeg"}],"twitter_card":"summary_large_image","schema":{"@context":"https:\/\/schema.org","@graph":[{"@type":"WebPage","@id":"https:\/\/www.golf-planet.es\/mapa-del-sitio\/","url":"https:\/\/www.golf-planet.es\/mapa-del-sitio\/","name":"Mapa del Sitio | Golf Planet","isPartOf":{"@id":"https:\/\/www.golf-planet.es\/#website"},"primaryImageOfPage":{"@id":"https:\/\/www.golf-planet.es\/mapa-del-sitio\/#primaryimage"},"image":{"@id":"https:\/\/www.golf-planet.es\/mapa-del-sitio\/#primaryimage"},"thumbnailUrl":"https:\/\/www.golf-planet.es\/wp-content\/uploads\/2023\/03\/sitemap.jpeg","datePublished":"2023-03-28T09:42:16+00:00","dateModified":"2023-11-29T16:02:43+00:00","description":"Navega f\u00e1cilmente por nuestra web a trav\u00e9s de nuestro Mapa del Sitio. Encuentra enlaces directos a nuestras principales secciones.","breadcrumb":{"@id":"https:\/\/www.golf-planet.es\/mapa-del-sitio\/#breadcrumb"},"inLanguage":"de","potentialAction":[{"@type":"ReadAction","target":["https:\/\/www.golf-planet.es\/mapa-del-sitio\/"]}]},{"@type":"ImageObject","inLanguage":"de","@id":"https:\/\/www.golf-planet.es\/mapa-del-sitio\/#primaryimage","url":"https:\/\/www.golf-planet.es\/wp-content\/uploads\/2023\/03\/sitemap.jpeg","contentUrl":"https:\/\/www.golf-planet.es\/wp-content\/uploads\/2023\/03\/sitemap.jpeg","width":1367,"height":768,"caption":"sitemap"},{"@type":"BreadcrumbList","@id":"https:\/\/www.golf-planet.es\/mapa-del-sitio\/#breadcrumb","itemListElement":[{"@type":"ListItem","position":1,"name":"Inicio","item":"https:\/\/www.golf-planet.es\/"},{"@type":"ListItem","position":2,"name":"Mapa del Sitio"}]},{"@type":"WebSite","@id":"https:\/\/www.golf-planet.es\/#website","url":"https:\/\/www.golf-planet.es\/","name":"Golf Planet","description":"Takin golf into a new dimension","publisher":{"@id":"https:\/\/www.golf-planet.es\/#organization"},"potentialAction":[{"@type":"SearchAction","target":{"@type":"EntryPoint","urlTemplate":"https:\/\/www.golf-planet.es\/?s={search_term_string}"},"query-input":{"@type":"PropertyValueSpecification","valueRequired":true,"valueName":"search_term_string"}}],"inLanguage":"de"},{"@type":"Organization","@id":"https:\/\/www.golf-planet.es\/#organization","name":"Golf Planet","url":"https:\/\/www.golf-planet.es\/","logo":{"@type":"ImageObject","inLanguage":"de","@id":"https:\/\/www.golf-planet.es\/#\/schema\/logo\/image\/","url":"https:\/\/www.golf-planet.es\/wp-content\/uploads\/2023\/11\/logo-golfplanet-negro.svg","contentUrl":"https:\/\/www.golf-planet.es\/wp-content\/uploads\/2023\/11\/logo-golfplanet-negro.svg","width":1633,"height":460,"caption":"Golf Planet"},"image":{"@id":"https:\/\/www.golf-planet.es\/#\/schema\/logo\/image\/"}}]}},"_links":{"self":[{"href":"https:\/\/www.golf-planet.es\/de\/wp-json\/wp\/v2\/pages\/323","targetHints":{"allow":["GET"]}}],"collection":[{"href":"https:\/\/www.golf-planet.es\/de\/wp-json\/wp\/v2\/pages"}],"about":[{"href":"https:\/\/www.golf-planet.es\/de\/wp-json\/wp\/v2\/types\/page"}],"author":[{"embeddable":true,"href":"https:\/\/www.golf-planet.es\/de\/wp-json\/wp\/v2\/users\/4"}],"replies":[{"embeddable":true,"href":"https:\/\/www.golf-planet.es\/de\/wp-json\/wp\/v2\/comments?post=323"}],"version-history":[{"count":5,"href":"https:\/\/www.golf-planet.es\/de\/wp-json\/wp\/v2\/pages\/323\/revisions"}],"predecessor-version":[{"id":1497,"href":"https:\/\/www.golf-planet.es\/de\/wp-json\/wp\/v2\/pages\/323\/revisions\/1497"}],"wp:featuredmedia":[{"embeddable":true,"href":"https:\/\/www.golf-planet.es\/de\/wp-json\/wp\/v2\/media\/214"}],"wp:attachment":[{"href":"https:\/\/www.golf-planet.es\/de\/wp-json\/wp\/v2\/media?parent=323"}],"curies":[{"name":"wp","href":"https:\/\/api.w.org\/{rel}","templated":true}]}}